{"id":350,"date":"2025-12-10T20:47:23","date_gmt":"2025-12-10T20:47:23","guid":{"rendered":"https:\/\/webducan.gemex.ba\/?post_type=product&#038;p=350"},"modified":"2026-01-25T15:41:03","modified_gmt":"2026-01-25T15:41:03","slug":"activelab-osteoperos-d3","status":"publish","type":"product","link":"https:\/\/webducan.gemex.ba\/en\/product\/activelab-osteoperos-d3\/","title":{"rendered":"ActiveLab Osteoperos D3"},"content":{"rendered":"<h3 data-start=\"111\" data-end=\"168\">OSTEOPEROS D3 \u2013 Podr\u0161ka za sna\u017ene kosti i imunitet<\/h3>\n<p data-start=\"170\" data-end=\"391\"><strong data-start=\"170\" data-end=\"187\">Osteoperos D3<\/strong> je dodatak prehrani s visokim sadr\u017eajem kalcijuma (iz kalcijum karbonata) i <strong data-start=\"264\" data-end=\"290\">vitaminom D3 (2000 IU)<\/strong>, formulisan za optimalnu apsorpciju i efikasnu podr\u0161ku zdravlju kostiju, zuba i imunolo\u0161kog sistema.<\/p>\n<hr data-start=\"393\" data-end=\"396\" \/>\n<h3 data-start=\"398\" data-end=\"422\">\u00a0Klju\u010dne prednosti:<\/h3>\n<p data-start=\"424\" data-end=\"516\">\u2714\ufe0f <strong data-start=\"427\" data-end=\"459\">Kalcijum (400 mg po kapsuli)<\/strong><br data-start=\"459\" data-end=\"462\" \/>Neophodan za o\u010duvanje gustine kostiju i zdravlje zuba.<\/p>\n<p data-start=\"518\" data-end=\"632\">\u2714\ufe0f <strong data-start=\"521\" data-end=\"545\">Vitamin D3 (2000 IU)<\/strong><br data-start=\"545\" data-end=\"548\" \/>Poma\u017ee bolju apsorpciju kalcijuma i doprinosi pravilnoj funkciji mi\u0161i\u0107a i imuniteta.<\/p>\n<p data-start=\"634\" data-end=\"724\">\u2714\ufe0f <strong data-start=\"637\" data-end=\"674\">100 kapsula = 100 dana kori\u0161tenja<\/strong><br data-start=\"674\" data-end=\"677\" \/>Dugotrajan efekat uz samo jednu kapsulu dnevno.<\/p>\n<p data-start=\"726\" data-end=\"809\">\u2714\ufe0f <strong data-start=\"729\" data-end=\"753\">Jednostavna primjena<\/strong><br data-start=\"753\" data-end=\"756\" \/>Bez ukusa, bez mije\u0161anja \u2013 idealno za sve generacije.<\/p>\n<hr data-start=\"811\" data-end=\"814\" \/>\n<h3 data-start=\"816\" data-end=\"841\">Preporu\u010duje se:<\/h3>\n<ul data-start=\"843\" data-end=\"1053\">\n<li data-start=\"843\" data-end=\"869\">\n<p data-start=\"845\" data-end=\"869\">\u017denama u postmenopauzi<\/p>\n<\/li>\n<li data-start=\"870\" data-end=\"890\">\n<p data-start=\"872\" data-end=\"890\">Starijim osobama<\/p>\n<\/li>\n<li data-start=\"891\" data-end=\"926\">\n<p data-start=\"893\" data-end=\"926\">Djeci i adolescentima u razvoju<\/p>\n<\/li>\n<li data-start=\"927\" data-end=\"955\">\n<p data-start=\"929\" data-end=\"955\">Tokom trudno\u0107e i dojenja<\/p>\n<\/li>\n<li data-start=\"956\" data-end=\"992\">\n<p data-start=\"958\" data-end=\"992\">Osobama u oporavku nakon preloma<\/p>\n<\/li>\n<li data-start=\"993\" data-end=\"1053\">\n<p data-start=\"995\" data-end=\"1053\">Kao podr\u0161ka kod prehlada, alergija i oslabljenog imuniteta<\/p>\n<\/li>\n<\/ul>\n<p><b>*uz savjet ljekara<\/b><\/p>\n<hr data-start=\"1055\" data-end=\"1058\" \/>\n<p data-start=\"111\" data-end=\"126\"><strong data-start=\"111\" data-end=\"124\">1 KAPSULA<\/strong><\/p>\n<ul data-start=\"127\" data-end=\"221\">\n<li data-start=\"127\" data-end=\"160\">\n<p data-start=\"129\" data-end=\"160\"><strong data-start=\"129\" data-end=\"140\">1000 mg<\/strong> Kalcijum karbonat<\/p>\n<\/li>\n<li data-start=\"161\" data-end=\"194\">\n<p data-start=\"163\" data-end=\"194\"><strong data-start=\"163\" data-end=\"173\">400 mg<\/strong> <em data-start=\"174\" data-end=\"192\">od toga kalcijum<\/em><\/p>\n<\/li>\n<li data-start=\"195\" data-end=\"221\">\n<p data-start=\"197\" data-end=\"221\"><strong data-start=\"197\" data-end=\"208\">2000 IU<\/strong> Vitamin D3<\/p>\n<\/li>\n<\/ul>\n<p data-start=\"223\" data-end=\"263\"><strong data-start=\"223\" data-end=\"232\">OKUS:<\/strong> <em data-start=\"233\" data-end=\"263\">(nije primjenjivo \u2013 kapsule)<\/em><\/p>\n<p data-start=\"265\" data-end=\"304\"><strong data-start=\"265\" data-end=\"302\">PAKIRANJE \/ VELI\u010cINA \/ SERVIRANJA<\/strong><\/p>\n<ul data-start=\"305\" data-end=\"348\">\n<li data-start=\"305\" data-end=\"348\">\n<p data-start=\"307\" data-end=\"348\"><strong data-start=\"307\" data-end=\"348\">100 KAPSULA U BO\u010cICI \/ 100 SERVIRANJA<\/strong><\/p>\n<\/li>\n<\/ul>\n<p data-start=\"350\" data-end=\"380\"><strong data-start=\"350\" data-end=\"378\">PREPORUKA ZA KORI\u0160TENJE:<\/strong><\/p>\n<ul data-start=\"381\" data-end=\"420\">\n<li data-start=\"381\" data-end=\"420\">\n<p data-start=\"383\" data-end=\"420\">Popiti <strong data-start=\"390\" data-end=\"410\">1 kapsulu dnevno<\/strong> sa vodom.<\/p>\n<\/li>\n<\/ul>","protected":false},"excerpt":{"rendered":"<p data-start=\"115\" data-end=\"221\"><strong data-start=\"115\" data-end=\"221\">Kalcijum i vitamin D3 u jednoj kapsuli \u2013 za sna\u017ene kosti, zdrav imunitet i svakodnevnu podr\u0161ku tijelu.<\/strong><\/p>","protected":false},"featured_media":210,"comment_status":"open","ping_status":"closed","template":"","meta":{"_acf_changed":false},"product_brand":[24],"product_cat":[23],"product_tag":[],"class_list":{"0":"post-350","1":"product","2":"type-product","3":"status-publish","4":"has-post-thumbnail","6":"product_brand-activelab","7":"product_cat-suplementi","9":"first","10":"instock","11":"shipping-taxable","12":"purchasable","13":"product-type-simple"},"acf":[],"_links":{"self":[{"href":"https:\/\/webducan.gemex.ba\/en\/wp-json\/wp\/v2\/product\/350","targetHints":{"allow":["GET"]}}],"collection":[{"href":"https:\/\/webducan.gemex.ba\/en\/wp-json\/wp\/v2\/product"}],"about":[{"href":"https:\/\/webducan.gemex.ba\/en\/wp-json\/wp\/v2\/types\/product"}],"replies":[{"embeddable":true,"href":"https:\/\/webducan.gemex.ba\/en\/wp-json\/wp\/v2\/comments?post=350"}],"wp:featuredmedia":[{"embeddable":true,"href":"https:\/\/webducan.gemex.ba\/en\/wp-json\/wp\/v2\/media\/210"}],"wp:attachment":[{"href":"https:\/\/webducan.gemex.ba\/en\/wp-json\/wp\/v2\/media?parent=350"}],"wp:term":[{"taxonomy":"product_brand","embeddable":true,"href":"https:\/\/webducan.gemex.ba\/en\/wp-json\/wp\/v2\/product_brand?post=350"},{"taxonomy":"product_cat","embeddable":true,"href":"https:\/\/webducan.gemex.ba\/en\/wp-json\/wp\/v2\/product_cat?post=350"},{"taxonomy":"product_tag","embeddable":true,"href":"https:\/\/webducan.gemex.ba\/en\/wp-json\/wp\/v2\/product_tag?post=350"}],"curies":[{"name":"wp","href":"https:\/\/api.w.org\/{rel}","templated":true}]}}