{"id":857,"date":"2026-02-22T11:30:46","date_gmt":"2026-02-22T11:30:46","guid":{"rendered":"https:\/\/webducan.gemex.ba\/?page_id=857"},"modified":"2026-02-22T11:38:59","modified_gmt":"2026-02-22T11:38:59","slug":"elementor-857","status":"publish","type":"page","link":"https:\/\/webducan.gemex.ba\/en\/elementor-857\/","title":{"rendered":"Blog"},"content":{"rendered":"<div data-elementor-type=\"wp-page\" data-elementor-id=\"857\" class=\"elementor elementor-857\" data-elementor-post-type=\"page\">\n\t\t\t\t<div class=\"elementor-element elementor-element-6f69a7f e-flex e-con-boxed e-con e-parent\" data-id=\"6f69a7f\" data-element_type=\"container\" data-e-type=\"container\" data-settings=\"{&quot;background_background&quot;:&quot;classic&quot;}\">\n\t\t\t\t\t<div class=\"e-con-inner\">\n\t\t\t\t<div class=\"elementor-element elementor-element-9c5e8a1 elementor-widget elementor-widget-spacer\" data-id=\"9c5e8a1\" data-element_type=\"widget\" data-e-type=\"widget\" data-widget_type=\"spacer.default\">\n\t\t\t\t\t\t\t<div class=\"elementor-spacer\">\n\t\t\t<div class=\"elementor-spacer-inner\"><\/div>\n\t\t<\/div>\n\t\t\t\t\t\t<\/div>\n\t\t\t\t<div class=\"elementor-element elementor-element-d082b22 elementor-widget elementor-widget-heading\" data-id=\"d082b22\" data-element_type=\"widget\" data-e-type=\"widget\" data-widget_type=\"heading.default\">\n\t\t\t\t\t<h2 class=\"elementor-heading-title elementor-size-default\">Web Du\u0107an Blog<\/h2>\t\t\t\t<\/div>\n\t\t\t\t<div class=\"elementor-element elementor-element-b518029 elementor-widget elementor-widget-woocommerce-breadcrumb\" data-id=\"b518029\" data-element_type=\"widget\" data-e-type=\"widget\" data-widget_type=\"woocommerce-breadcrumb.default\">\n\t\t\t\t\t<nav class=\"woocommerce-breadcrumb\" aria-label=\"Breadcrumb\" data-no-translation=\"\" data-trp-gettext=\"\">Home<\/nav>\t\t\t\t<\/div>\n\t\t\t\t<div class=\"elementor-element elementor-element-58ac6cb elementor-widget elementor-widget-spacer\" data-id=\"58ac6cb\" data-element_type=\"widget\" data-e-type=\"widget\" data-widget_type=\"spacer.default\">\n\t\t\t\t\t\t\t<div class=\"elementor-spacer\">\n\t\t\t<div class=\"elementor-spacer-inner\"><\/div>\n\t\t<\/div>\n\t\t\t\t\t\t<\/div>\n\t\t\t\t\t<\/div>\n\t\t\t\t<\/div>\n\t\t<div class=\"elementor-element elementor-element-c0f4948 e-flex e-con-boxed e-con e-parent\" data-id=\"c0f4948\" data-element_type=\"container\" data-e-type=\"container\" data-settings=\"{&quot;background_background&quot;:&quot;classic&quot;}\">\n\t\t\t\t\t<div class=\"e-con-inner\">\n\t\t\t\t<div class=\"elementor-element elementor-element-8827673 elementor-widget elementor-widget-spacer\" data-id=\"8827673\" data-element_type=\"widget\" data-e-type=\"widget\" data-widget_type=\"spacer.default\">\n\t\t\t\t\t\t\t<div class=\"elementor-spacer\">\n\t\t\t<div class=\"elementor-spacer-inner\"><\/div>\n\t\t<\/div>\n\t\t\t\t\t\t<\/div>\n\t\t\t\t<div class=\"elementor-element elementor-element-5230dec elementor-grid-3 elementor-grid-tablet-2 elementor-grid-mobile-1 elementor-posts--thumbnail-top elementor-card-shadow-yes elementor-posts__hover-gradient elementor-widget elementor-widget-posts\" data-id=\"5230dec\" data-element_type=\"widget\" data-e-type=\"widget\" data-settings=\"{&quot;cards_columns&quot;:&quot;3&quot;,&quot;cards_columns_tablet&quot;:&quot;2&quot;,&quot;cards_columns_mobile&quot;:&quot;1&quot;,&quot;cards_row_gap&quot;:{&quot;unit&quot;:&quot;px&quot;,&quot;size&quot;:35,&quot;sizes&quot;:[]},&quot;cards_row_gap_tablet&quot;:{&quot;unit&quot;:&quot;px&quot;,&quot;size&quot;:&quot;&quot;,&quot;sizes&quot;:[]},&quot;cards_row_gap_mobile&quot;:{&quot;unit&quot;:&quot;px&quot;,&quot;size&quot;:&quot;&quot;,&quot;sizes&quot;:[]}}\" data-widget_type=\"posts.cards\">\n\t\t\t\t<div class=\"elementor-widget-container\">\n\t\t\t\t\t\t\t<div class=\"elementor-posts-container elementor-posts elementor-posts--skin-cards elementor-grid\" role=\"list\">\r\n\t\t\t\t<article class=\"elementor-post elementor-grid-item post-873 post type-post status-publish format-standard has-post-thumbnail hentry category-blog tag-activlab-flex-xtra tag-boswellia-serrata-za-zglobove tag-flex-xtra-crna-ribizla tag-hijaluronska-kiselina-zglobovi tag-kolagen-glukozamin-hondroitin tag-suplement-za-tetive-i-hrskavicu tag-suplement-za-zglobove\" role=\"listitem\">\r\n\t\t\t<div class=\"elementor-post__card\">\r\n\t\t\t\t<a class=\"elementor-post__thumbnail__link\" href=\"https:\/\/webducan.gemex.ba\/en\/2026\/02\/22\/flex-xtra-vs-osteoperos-d3-2000-iu-koji-suplement-izabrati-za-zglobove-tetive-i-kosti\/\" tabindex=\"-1\" ><div class=\"elementor-post__thumbnail\"><img fetchpriority=\"high\" decoding=\"async\" width=\"1536\" height=\"1024\" src=\"https:\/\/webducan.gemex.ba\/wp-content\/uploads\/2025\/12\/ChatGPT-Image-Dec-21-2025-08_03_33-PM.png\" class=\"attachment-full size-full wp-image-468\" alt=\"\" srcset=\"https:\/\/webducan.gemex.ba\/wp-content\/uploads\/2025\/12\/ChatGPT-Image-Dec-21-2025-08_03_33-PM.png 1536w, https:\/\/webducan.gemex.ba\/wp-content\/uploads\/2025\/12\/ChatGPT-Image-Dec-21-2025-08_03_33-PM-600x400.png 600w, https:\/\/webducan.gemex.ba\/wp-content\/uploads\/2025\/12\/ChatGPT-Image-Dec-21-2025-08_03_33-PM-300x200.png 300w, https:\/\/webducan.gemex.ba\/wp-content\/uploads\/2025\/12\/ChatGPT-Image-Dec-21-2025-08_03_33-PM-1024x683.png 1024w, https:\/\/webducan.gemex.ba\/wp-content\/uploads\/2025\/12\/ChatGPT-Image-Dec-21-2025-08_03_33-PM-768x512.png 768w\" sizes=\"(max-width: 1536px) 100vw, 1536px\" \/><\/div><\/a>\r\n\t\t\t\t<div class=\"elementor-post__text\">\r\n\t\t\t\t<h3 class=\"elementor-post__title\">\r\n\t\t\t<a href=\"https:\/\/webducan.gemex.ba\/en\/2026\/02\/22\/flex-xtra-vs-osteoperos-d3-2000-iu-koji-suplement-izabrati-za-zglobove-tetive-i-kosti\/\" >\r\n\t\t\t\tFlex XTRA vs Osteoperos D3 2000 IU: koji suplement izabrati za zglobove, tetive i kosti?\t\t\t<\/a>\r\n\t\t<\/h3>\r\n\t\t\t\t<div class=\"elementor-post__excerpt\">\r\n\t\t\t<p>Ako tra\u017ei\u0161 suplement za zglobove, \u010desto zapravo tra\u017ei\u0161 \u0161iru stvar: da se kre\u0107e\u0161 lak\u0161e, da tetive \u201cdr\u017ee\u201d, i da kosti imaju stabilnu podr\u0161ku. A ako<\/p>\n\t\t<\/div>\r\n\t\t\r\n\t\t<a class=\"elementor-post__read-more\" href=\"https:\/\/webducan.gemex.ba\/en\/2026\/02\/22\/flex-xtra-vs-osteoperos-d3-2000-iu-koji-suplement-izabrati-za-zglobove-tetive-i-kosti\/\" aria-label=\"Read more about Flex XTRA vs Osteoperos D3 2000 IU: koji suplement izabrati za zglobove, tetive i kosti?\" tabindex=\"-1\" >\r\n\t\t\tRead More \u00bb\t\t<\/a>\r\n\r\n\t\t\t\t<\/div>\r\n\t\t\t\t<div class=\"elementor-post__meta-data\">\r\n\t\t\t\t\t<span class=\"elementor-post-date\">\r\n\t\t\tFebruary 22, 2026\t\t<\/span>\r\n\t\t\t\t<span class=\"elementor-post-avatar\">\r\n\t\t\tNo Comments\t\t<\/span>\r\n\t\t\t\t<\/div>\r\n\t\t\t\t\t<\/div>\r\n\t\t<\/article>\r\n\t\t\t\t<article class=\"elementor-post elementor-grid-item post-843 post type-post status-publish format-standard has-post-thumbnail hentry category-blog tag-activlab-flex-xtra tag-boswellia-serrata-za-zglobove tag-flex-xtra-crna-ribizla tag-hijaluronska-kiselina-zglobovi tag-kolagen-glukozamin-hondroitin tag-suplement-za-tetive-i-hrskavicu tag-suplement-za-zglobove\" role=\"listitem\">\r\n\t\t\t<div class=\"elementor-post__card\">\r\n\t\t\t\t<a class=\"elementor-post__thumbnail__link\" href=\"https:\/\/webducan.gemex.ba\/en\/2026\/02\/21\/activlab-flex-xtra-crna-ribizla-kada-zelis-da-te-zglobovi-prate-i-u-treningu-i-u-svakodnevici-2\/\" tabindex=\"-1\" ><div class=\"elementor-post__thumbnail\"><img decoding=\"async\" width=\"1920\" height=\"1080\" src=\"https:\/\/webducan.gemex.ba\/wp-content\/uploads\/2025\/12\/Untitled-design-16.png\" class=\"attachment-full size-full wp-image-481\" alt=\"\" srcset=\"https:\/\/webducan.gemex.ba\/wp-content\/uploads\/2025\/12\/Untitled-design-16.png 1920w, https:\/\/webducan.gemex.ba\/wp-content\/uploads\/2025\/12\/Untitled-design-16-600x338.png 600w, https:\/\/webducan.gemex.ba\/wp-content\/uploads\/2025\/12\/Untitled-design-16-300x169.png 300w, https:\/\/webducan.gemex.ba\/wp-content\/uploads\/2025\/12\/Untitled-design-16-1024x576.png 1024w, https:\/\/webducan.gemex.ba\/wp-content\/uploads\/2025\/12\/Untitled-design-16-768x432.png 768w, https:\/\/webducan.gemex.ba\/wp-content\/uploads\/2025\/12\/Untitled-design-16-1536x864.png 1536w\" sizes=\"(max-width: 1920px) 100vw, 1920px\" \/><\/div><\/a>\r\n\t\t\t\t<div class=\"elementor-post__text\">\r\n\t\t\t\t<h3 class=\"elementor-post__title\">\r\n\t\t\t<a href=\"https:\/\/webducan.gemex.ba\/en\/2026\/02\/21\/activlab-flex-xtra-crna-ribizla-kada-zelis-da-te-zglobovi-prate-i-u-treningu-i-u-svakodnevici-2\/\" >\r\n\t\t\t\tOsteoperos D3 2000 IU: mala kapsula, velika stvar za kosti, zube i stabilnost tijela\t\t\t<\/a>\r\n\t\t<\/h3>\r\n\t\t\t\t<div class=\"elementor-post__excerpt\">\r\n\t\t\t<p>Kod kostiju je problem \u0161to te ne upozoravaju na vrijeme. Ne \u201cbole\u201d dok ne bude kasno, a do tada se samo desi da si umorniji,<\/p>\n\t\t<\/div>\r\n\t\t\r\n\t\t<a class=\"elementor-post__read-more\" href=\"https:\/\/webducan.gemex.ba\/en\/2026\/02\/21\/activlab-flex-xtra-crna-ribizla-kada-zelis-da-te-zglobovi-prate-i-u-treningu-i-u-svakodnevici-2\/\" aria-label=\"Read more about Osteoperos D3 2000 IU: mala kapsula, velika stvar za kosti, zube i stabilnost tijela\" tabindex=\"-1\" >\r\n\t\t\tRead More \u00bb\t\t<\/a>\r\n\r\n\t\t\t\t<\/div>\r\n\t\t\t\t<div class=\"elementor-post__meta-data\">\r\n\t\t\t\t\t<span class=\"elementor-post-date\">\r\n\t\t\tFebruary 21, 2026\t\t<\/span>\r\n\t\t\t\t<span class=\"elementor-post-avatar\">\r\n\t\t\tNo Comments\t\t<\/span>\r\n\t\t\t\t<\/div>\r\n\t\t\t\t\t<\/div>\r\n\t\t<\/article>\r\n\t\t\t\t<article class=\"elementor-post elementor-grid-item post-835 post type-post status-publish format-standard has-post-thumbnail hentry category-blog tag-activlab-flex-xtra tag-boswellia-serrata-za-zglobove tag-flex-xtra-crna-ribizla tag-hijaluronska-kiselina-zglobovi tag-kolagen-glukozamin-hondroitin tag-suplement-za-tetive-i-hrskavicu tag-suplement-za-zglobove\" role=\"listitem\">\r\n\t\t\t<div class=\"elementor-post__card\">\r\n\t\t\t\t<a class=\"elementor-post__thumbnail__link\" href=\"https:\/\/webducan.gemex.ba\/en\/2026\/02\/21\/activlab-flex-xtra-crna-ribizla-kada-zelis-da-te-zglobovi-prate-i-u-treningu-i-u-svakodnevici\/\" tabindex=\"-1\" ><div class=\"elementor-post__thumbnail\"><img decoding=\"async\" width=\"1920\" height=\"1080\" src=\"https:\/\/webducan.gemex.ba\/wp-content\/uploads\/2025\/12\/Untitled-design-15.png\" class=\"attachment-full size-full wp-image-482\" alt=\"\" srcset=\"https:\/\/webducan.gemex.ba\/wp-content\/uploads\/2025\/12\/Untitled-design-15.png 1920w, https:\/\/webducan.gemex.ba\/wp-content\/uploads\/2025\/12\/Untitled-design-15-600x338.png 600w, https:\/\/webducan.gemex.ba\/wp-content\/uploads\/2025\/12\/Untitled-design-15-300x169.png 300w, https:\/\/webducan.gemex.ba\/wp-content\/uploads\/2025\/12\/Untitled-design-15-1024x576.png 1024w, https:\/\/webducan.gemex.ba\/wp-content\/uploads\/2025\/12\/Untitled-design-15-768x432.png 768w, https:\/\/webducan.gemex.ba\/wp-content\/uploads\/2025\/12\/Untitled-design-15-1536x864.png 1536w\" sizes=\"(max-width: 1920px) 100vw, 1920px\" \/><\/div><\/a>\r\n\t\t\t\t<div class=\"elementor-post__text\">\r\n\t\t\t\t<h3 class=\"elementor-post__title\">\r\n\t\t\t<a href=\"https:\/\/webducan.gemex.ba\/en\/2026\/02\/21\/activlab-flex-xtra-crna-ribizla-kada-zelis-da-te-zglobovi-prate-i-u-treningu-i-u-svakodnevici\/\" >\r\n\t\t\t\tActivlab Flex XTRA (crna ribizla): kada \u017eeli\u0161 da te zglobovi \u201cprate\u201d \u2014 i u treningu i u svakodnevici\t\t\t<\/a>\r\n\t\t<\/h3>\r\n\t\t\t\t<div class=\"elementor-post__excerpt\">\r\n\t\t\t<p>Postoje ljudi koji osjete tijelo tek kad stane. I postoje oni koji na vrijeme shvate da je pokret ne\u0161to \u0161to se \u010duva. Ako trenira\u0161, hoda\u0161<\/p>\n\t\t<\/div>\r\n\t\t\r\n\t\t<a class=\"elementor-post__read-more\" href=\"https:\/\/webducan.gemex.ba\/en\/2026\/02\/21\/activlab-flex-xtra-crna-ribizla-kada-zelis-da-te-zglobovi-prate-i-u-treningu-i-u-svakodnevici\/\" aria-label=\"Read more about Activlab Flex XTRA (crna ribizla): kada \u017eeli\u0161 da te zglobovi \u201cprate\u201d \u2014 i u treningu i u svakodnevici\" tabindex=\"-1\" >\r\n\t\t\tRead More \u00bb\t\t<\/a>\r\n\r\n\t\t\t\t<\/div>\r\n\t\t\t\t<div class=\"elementor-post__meta-data\">\r\n\t\t\t\t\t<span class=\"elementor-post-date\">\r\n\t\t\tFebruary 21, 2026\t\t<\/span>\r\n\t\t\t\t<span class=\"elementor-post-avatar\">\r\n\t\t\tNo Comments\t\t<\/span>\r\n\t\t\t\t<\/div>\r\n\t\t\t\t\t<\/div>\r\n\t\t<\/article>\r\n\t\t\t\t<\/div>\r\n\t\t\r\n\t\t\t\t\t\t<\/div>\n\t\t\t\t<\/div>\n\t\t\t\t<div class=\"elementor-element elementor-element-aef8d89 elementor-widget elementor-widget-spacer\" data-id=\"aef8d89\" data-element_type=\"widget\" data-e-type=\"widget\" data-widget_type=\"spacer.default\">\n\t\t\t\t\t\t\t<div class=\"elementor-spacer\">\n\t\t\t<div class=\"elementor-spacer-inner\"><\/div>\n\t\t<\/div>\n\t\t\t\t\t\t<\/div>\n\t\t\t\t\t<\/div>\n\t\t\t\t<\/div>\n\t\t\t\t<\/div>","protected":false},"excerpt":{"rendered":"<p>Web Du\u0107an Blog<\/p>","protected":false},"author":1,"featured_media":0,"parent":0,"menu_order":0,"comment_status":"closed","ping_status":"closed","template":"","meta":{"_acf_changed":false,"footnotes":""},"class_list":["post-857","page","type-page","status-publish","hentry"],"acf":[],"_links":{"self":[{"href":"https:\/\/webducan.gemex.ba\/en\/wp-json\/wp\/v2\/pages\/857","targetHints":{"allow":["GET"]}}],"collection":[{"href":"https:\/\/webducan.gemex.ba\/en\/wp-json\/wp\/v2\/pages"}],"about":[{"href":"https:\/\/webducan.gemex.ba\/en\/wp-json\/wp\/v2\/types\/page"}],"author":[{"embeddable":true,"href":"https:\/\/webducan.gemex.ba\/en\/wp-json\/wp\/v2\/users\/1"}],"replies":[{"embeddable":true,"href":"https:\/\/webducan.gemex.ba\/en\/wp-json\/wp\/v2\/comments?post=857"}],"version-history":[{"count":7,"href":"https:\/\/webducan.gemex.ba\/en\/wp-json\/wp\/v2\/pages\/857\/revisions"}],"predecessor-version":[{"id":864,"href":"https:\/\/webducan.gemex.ba\/en\/wp-json\/wp\/v2\/pages\/857\/revisions\/864"}],"wp:attachment":[{"href":"https:\/\/webducan.gemex.ba\/en\/wp-json\/wp\/v2\/media?parent=857"}],"curies":[{"name":"wp","href":"https:\/\/api.w.org\/{rel}","templated":true}]}}