{"id":760,"date":"2026-02-08T14:23:56","date_gmt":"2026-02-08T14:23:56","guid":{"rendered":"https:\/\/webducan.gemex.ba\/?page_id=760"},"modified":"2026-02-08T14:24:40","modified_gmt":"2026-02-08T14:24:40","slug":"pravila-koristenja","status":"publish","type":"page","link":"https:\/\/webducan.gemex.ba\/en\/pravila-koristenja\/","title":{"rendered":"PRAVILA KORI\u0160TENJA"},"content":{"rendered":"<div data-elementor-type=\"wp-page\" data-elementor-id=\"760\" class=\"elementor elementor-760\" data-elementor-post-type=\"page\">\n\t\t\t\t<div class=\"elementor-element elementor-element-1991b4a e-flex e-con-boxed e-con e-parent\" data-id=\"1991b4a\" data-element_type=\"container\" data-e-type=\"container\">\n\t\t\t\t\t<div class=\"e-con-inner\">\n\t\t\t\t<div class=\"elementor-element elementor-element-f24b21b elementor-widget elementor-widget-spacer\" data-id=\"f24b21b\" data-element_type=\"widget\" data-e-type=\"widget\" data-widget_type=\"spacer.default\">\n\t\t\t\t\t\t\t<div class=\"elementor-spacer\">\n\t\t\t<div class=\"elementor-spacer-inner\"><\/div>\n\t\t<\/div>\n\t\t\t\t\t\t<\/div>\n\t\t\t\t<div class=\"elementor-element elementor-element-e3dbbb7 elementor-widget elementor-widget-text-editor\" data-id=\"e3dbbb7\" data-element_type=\"widget\" data-e-type=\"widget\" data-widget_type=\"text-editor.default\">\n\t\t\t\t\t\t\t\t\t<p data-start=\"12507\" data-end=\"12573\"><strong data-start=\"12532\" data-end=\"12561\">Datum posljednje izmjene:<\/strong> 18.01.2026.<\/p><p data-start=\"12575\" data-end=\"12699\">Vlasnik i administrator Stranice je GEMEX d.o.o. (podaci u Impressum stranici). Kori\u0161tenjem Stranice prihvatate ova Pravila.<\/p><ol data-start=\"12701\" data-end=\"13231\"><li data-start=\"12701\" data-end=\"12789\"><p data-start=\"12704\" data-end=\"12789\">Sadr\u017eaj je informativan; nastojimo ta\u010dnost, ali ne garantujemo potpunu bezgre\u0161nost.<\/p><\/li><li data-start=\"12790\" data-end=\"12910\"><p data-start=\"12793\" data-end=\"12910\">Zabranjeno je nezakonito kori\u0161tenje, poku\u0161aj neovla\u0161tenog pristupa, uno\u0161enje zlonamjernog koda i zloupotreba formi.<\/p><\/li><li data-start=\"12911\" data-end=\"12994\"><p data-start=\"12914\" data-end=\"12994\">Linkovi ka tre\u0107im stranicama su informativni; ne odgovaramo za njihov sadr\u017eaj.<\/p><\/li><li data-start=\"12995\" data-end=\"13087\"><p data-start=\"12998\" data-end=\"13087\">Intelektualno vlasni\u0161tvo: sadr\u017eaj je vlasni\u0161tvo GEMEX d.o.o. ili se koristi uz dozvolu.<\/p><\/li><li data-start=\"13088\" data-end=\"13189\"><p data-start=\"13091\" data-end=\"13189\">Kupoprodajni odnos nastaje kroz proces kupovine i potvrdu narud\u017ebe u skladu s Uslovima kupovine.<\/p><\/li><li data-start=\"13190\" data-end=\"13231\"><p data-start=\"13193\" data-end=\"13231\">Kontakt: <a class=\"decorated-link cursor-pointer\" rel=\"noopener\" data-start=\"13202\" data-end=\"13217\">uprava@gemex.ba<\/a> | 033\/539-032<\/p><\/li><\/ol>\t\t\t\t\t\t\t\t<\/div>\n\t\t\t\t<div class=\"elementor-element elementor-element-5dc6614 elementor-widget elementor-widget-spacer\" data-id=\"5dc6614\" data-element_type=\"widget\" data-e-type=\"widget\" data-widget_type=\"spacer.default\">\n\t\t\t\t\t\t\t<div class=\"elementor-spacer\">\n\t\t\t<div class=\"elementor-spacer-inner\"><\/div>\n\t\t<\/div>\n\t\t\t\t\t\t<\/div>\n\t\t\t\t\t<\/div>\n\t\t\t\t<\/div>\n\t\t\t\t<\/div>","protected":false},"excerpt":{"rendered":"<p>Datum posljednje izmjene: 18.01.2026. Vlasnik i administrator Stranice je GEMEX d.o.o. (podaci u Impressum stranici). Kori\u0161tenjem Stranice prihvatate ova Pravila. Sadr\u017eaj je informativan; nastojimo ta\u010dnost, ali ne garantujemo potpunu bezgre\u0161nost. Zabranjeno je nezakonito kori\u0161tenje, poku\u0161aj neovla\u0161tenog pristupa, uno\u0161enje zlonamjernog koda i zloupotreba formi. Linkovi ka tre\u0107im stranicama su informativni; ne odgovaramo za njihov sadr\u017eaj. Intelektualno [&hellip;]<\/p>\n","protected":false},"author":1,"featured_media":0,"parent":0,"menu_order":0,"comment_status":"closed","ping_status":"closed","template":"","meta":{"_acf_changed":false,"footnotes":""},"class_list":["post-760","page","type-page","status-publish","hentry"],"acf":[],"_links":{"self":[{"href":"https:\/\/webducan.gemex.ba\/en\/wp-json\/wp\/v2\/pages\/760","targetHints":{"allow":["GET"]}}],"collection":[{"href":"https:\/\/webducan.gemex.ba\/en\/wp-json\/wp\/v2\/pages"}],"about":[{"href":"https:\/\/webducan.gemex.ba\/en\/wp-json\/wp\/v2\/types\/page"}],"author":[{"embeddable":true,"href":"https:\/\/webducan.gemex.ba\/en\/wp-json\/wp\/v2\/users\/1"}],"replies":[{"embeddable":true,"href":"https:\/\/webducan.gemex.ba\/en\/wp-json\/wp\/v2\/comments?post=760"}],"version-history":[{"count":4,"href":"https:\/\/webducan.gemex.ba\/en\/wp-json\/wp\/v2\/pages\/760\/revisions"}],"predecessor-version":[{"id":764,"href":"https:\/\/webducan.gemex.ba\/en\/wp-json\/wp\/v2\/pages\/760\/revisions\/764"}],"wp:attachment":[{"href":"https:\/\/webducan.gemex.ba\/en\/wp-json\/wp\/v2\/media?parent=760"}],"curies":[{"name":"wp","href":"https:\/\/api.w.org\/{rel}","templated":true}]}}