{"id":746,"date":"2026-02-08T14:20:06","date_gmt":"2026-02-08T14:20:06","guid":{"rendered":"https:\/\/webducan.gemex.ba\/?page_id=746"},"modified":"2026-02-12T23:11:52","modified_gmt":"2026-02-12T23:11:52","slug":"sigurnost-karticnog-placanja","status":"publish","type":"page","link":"https:\/\/webducan.gemex.ba\/en\/sigurnost-karticnog-placanja\/","title":{"rendered":"SIGURNOST KARTI\u010cNOG PLA\u0106ANJA"},"content":{"rendered":"<div data-elementor-type=\"wp-page\" data-elementor-id=\"746\" class=\"elementor elementor-746\" data-elementor-post-type=\"page\">\n\t\t\t\t<div class=\"elementor-element elementor-element-1991b4a e-flex e-con-boxed e-con e-parent\" data-id=\"1991b4a\" data-element_type=\"container\" data-e-type=\"container\">\n\t\t\t\t\t<div class=\"e-con-inner\">\n\t\t\t\t<div class=\"elementor-element elementor-element-f24b21b elementor-widget elementor-widget-spacer\" data-id=\"f24b21b\" data-element_type=\"widget\" data-e-type=\"widget\" data-widget_type=\"spacer.default\">\n\t\t\t\t\t\t\t<div class=\"elementor-spacer\">\n\t\t\t<div class=\"elementor-spacer-inner\"><\/div>\n\t\t<\/div>\n\t\t\t\t\t\t<\/div>\n\t\t\t\t<div class=\"elementor-element elementor-element-e3dbbb7 elementor-widget elementor-widget-text-editor\" data-id=\"e3dbbb7\" data-element_type=\"widget\" data-e-type=\"widget\" data-widget_type=\"text-editor.default\">\n\t\t\t\t\t\t\t\t\t<p data-start=\"245\" data-end=\"346\"><strong data-start=\"305\" data-end=\"334\">Datum posljednje izmjene:<\/strong> 18.01.2026.<\/p><p data-start=\"348\" data-end=\"675\">Povjerljivost va\u0161ih podataka za\u0161ti\u0107ena je kori\u0161tenjem najnovije verzije <strong data-start=\"420\" data-end=\"427\">TLS<\/strong> \u0161ifriranja. Online stranice za naplatu su osigurane <strong data-start=\"480\" data-end=\"509\">Secure Socket Layer (SSL)<\/strong> protokolom uz <strong data-start=\"524\" data-end=\"548\">128-bitnu enkripciju<\/strong> podataka. SSL enkripcija je postupak \u0161ifriranja podataka s ciljem sprje\u010davanja neovla\u0161tenog pristupa tokom njihovog prijenosa.<\/p><p data-start=\"677\" data-end=\"850\">Ovo omogu\u0107ava siguran prijenos informacija i sprje\u010dava neovla\u0161ten pristup podacima tokom komunikacije izme\u0111u korisnika i <strong data-start=\"798\" data-end=\"830\">Monri WebPay Payment Gateway<\/strong> sistema, i obrnuto.<\/p><p data-start=\"852\" data-end=\"1030\"><strong data-start=\"852\" data-end=\"884\">Monri WebPay Payment Gateway<\/strong> i finansijske institucije razmjenjuju podatke putem svoje <strong data-start=\"943\" data-end=\"977\">virtualne privatne mre\u017ee (VPN)<\/strong>, koja je tako\u0111er za\u0161ti\u0107ena od neovla\u0161tenog pristupa.<\/p><p data-start=\"1032\" data-end=\"1176\"><strong data-start=\"1032\" data-end=\"1050\">Monri Payments<\/strong> je <strong data-start=\"1054\" data-end=\"1073\">PCI DSS Level 1<\/strong> certificirani pru\u017ealac platnih usluga, u skladu sa pravilima karti\u010dnih ku\u0107a <strong data-start=\"1150\" data-end=\"1158\">Visa<\/strong> i <strong data-start=\"1161\" data-end=\"1175\">Mastercard<\/strong>.<\/p><p data-start=\"1178\" data-end=\"1274\">Brojevi kreditnih kartica se <strong data-start=\"1207\" data-end=\"1224\">ne pohranjuju<\/strong> kod trgovca i nisu dostupni neovla\u0161tenim osobama.<\/p><p data-start=\"1276\" data-end=\"1386\"><strong data-start=\"1276\" data-end=\"1288\">Kontakt:<\/strong><br data-start=\"1288\" data-end=\"1291\" \/>GEMEX d.o.o., Had\u017ei-Idrizova 8, 71000 Sarajevo, BiH<br data-start=\"1342\" data-end=\"1345\" \/>Email: <a class=\"decorated-link cursor-pointer\" rel=\"noopener\" data-start=\"1352\" data-end=\"1367\">uprava@gemex.ba<\/a> | Tel: 033\/539-032<\/p>\t\t\t\t\t\t\t\t<\/div>\n\t\t\t\t<div class=\"elementor-element elementor-element-5dc6614 elementor-widget elementor-widget-spacer\" data-id=\"5dc6614\" data-element_type=\"widget\" data-e-type=\"widget\" data-widget_type=\"spacer.default\">\n\t\t\t\t\t\t\t<div class=\"elementor-spacer\">\n\t\t\t<div class=\"elementor-spacer-inner\"><\/div>\n\t\t<\/div>\n\t\t\t\t\t\t<\/div>\n\t\t\t\t\t<\/div>\n\t\t\t\t<\/div>\n\t\t\t\t<\/div>","protected":false},"excerpt":{"rendered":"<p>Datum posljednje izmjene: 18.01.2026. Povjerljivost va\u0161ih podataka za\u0161ti\u0107ena je kori\u0161tenjem najnovije verzije TLS \u0161ifriranja. Online stranice za naplatu su osigurane Secure Socket Layer (SSL) protokolom uz 128-bitnu enkripciju podataka. SSL enkripcija je postupak \u0161ifriranja podataka s ciljem sprje\u010davanja neovla\u0161tenog pristupa tokom njihovog prijenosa. Ovo omogu\u0107ava siguran prijenos informacija i sprje\u010dava neovla\u0161ten pristup podacima tokom komunikacije [&hellip;]<\/p>\n","protected":false},"author":1,"featured_media":0,"parent":0,"menu_order":0,"comment_status":"closed","ping_status":"closed","template":"","meta":{"_acf_changed":false,"footnotes":""},"class_list":["post-746","page","type-page","status-publish","hentry"],"acf":[],"_links":{"self":[{"href":"https:\/\/webducan.gemex.ba\/en\/wp-json\/wp\/v2\/pages\/746","targetHints":{"allow":["GET"]}}],"collection":[{"href":"https:\/\/webducan.gemex.ba\/en\/wp-json\/wp\/v2\/pages"}],"about":[{"href":"https:\/\/webducan.gemex.ba\/en\/wp-json\/wp\/v2\/types\/page"}],"author":[{"embeddable":true,"href":"https:\/\/webducan.gemex.ba\/en\/wp-json\/wp\/v2\/users\/1"}],"replies":[{"embeddable":true,"href":"https:\/\/webducan.gemex.ba\/en\/wp-json\/wp\/v2\/comments?post=746"}],"version-history":[{"count":6,"href":"https:\/\/webducan.gemex.ba\/en\/wp-json\/wp\/v2\/pages\/746\/revisions"}],"predecessor-version":[{"id":808,"href":"https:\/\/webducan.gemex.ba\/en\/wp-json\/wp\/v2\/pages\/746\/revisions\/808"}],"wp:attachment":[{"href":"https:\/\/webducan.gemex.ba\/en\/wp-json\/wp\/v2\/media?parent=746"}],"curies":[{"name":"wp","href":"https:\/\/api.w.org\/{rel}","templated":true}]}}