{"id":736,"date":"2026-02-08T14:17:30","date_gmt":"2026-02-08T14:17:30","guid":{"rendered":"https:\/\/webducan.gemex.ba\/?page_id=736"},"modified":"2026-02-08T14:18:19","modified_gmt":"2026-02-08T14:18:19","slug":"dostava-i-isporuka","status":"publish","type":"page","link":"https:\/\/webducan.gemex.ba\/en\/dostava-i-isporuka\/","title":{"rendered":"DOSTAVA I ISPORUKA"},"content":{"rendered":"<div data-elementor-type=\"wp-page\" data-elementor-id=\"736\" class=\"elementor elementor-736\" data-elementor-post-type=\"page\">\n\t\t\t\t<div class=\"elementor-element elementor-element-1991b4a e-flex e-con-boxed e-con e-parent\" data-id=\"1991b4a\" data-element_type=\"container\" data-e-type=\"container\">\n\t\t\t\t\t<div class=\"e-con-inner\">\n\t\t\t\t<div class=\"elementor-element elementor-element-f24b21b elementor-widget elementor-widget-spacer\" data-id=\"f24b21b\" data-element_type=\"widget\" data-e-type=\"widget\" data-widget_type=\"spacer.default\">\n\t\t\t\t\t\t\t<div class=\"elementor-spacer\">\n\t\t\t<div class=\"elementor-spacer-inner\"><\/div>\n\t\t<\/div>\n\t\t\t\t\t\t<\/div>\n\t\t\t\t<div class=\"elementor-element elementor-element-e3dbbb7 elementor-widget elementor-widget-text-editor\" data-id=\"e3dbbb7\" data-element_type=\"widget\" data-e-type=\"widget\" data-widget_type=\"text-editor.default\">\n\t\t\t\t\t\t\t\t\t<p data-start=\"5530\" data-end=\"5596\"><strong data-start=\"5555\" data-end=\"5584\">Datum posljednje izmjene:<\/strong> 18.01.2026.<\/p><p data-start=\"5598\" data-end=\"5624\">Dostavu vr\u0161i <strong data-start=\"5611\" data-end=\"5623\">BH Po\u0161ta<\/strong>.<\/p><ul data-start=\"5626\" data-end=\"5733\"><li data-start=\"5626\" data-end=\"5660\"><p data-start=\"5628\" data-end=\"5660\">Rok isporuke: do 7 radnih dana<\/p><\/li><li data-start=\"5661\" data-end=\"5685\"><p data-start=\"5663\" data-end=\"5685\">Tro\u0161ak dostave: 8 KM<\/p><\/li><li data-start=\"5686\" data-end=\"5733\"><p data-start=\"5688\" data-end=\"5733\">Besplatna dostava: za narud\u017ebe iznad 100 KM<\/p><\/li><\/ul><p data-start=\"5735\" data-end=\"5846\">Napomena: Rokovi isporuke mogu varirati u periodima praznika, vanrednih okolnosti ili pove\u0107anog obima isporuka.<\/p>\t\t\t\t\t\t\t\t<\/div>\n\t\t\t\t<div class=\"elementor-element elementor-element-5dc6614 elementor-widget elementor-widget-spacer\" data-id=\"5dc6614\" data-element_type=\"widget\" data-e-type=\"widget\" data-widget_type=\"spacer.default\">\n\t\t\t\t\t\t\t<div class=\"elementor-spacer\">\n\t\t\t<div class=\"elementor-spacer-inner\"><\/div>\n\t\t<\/div>\n\t\t\t\t\t\t<\/div>\n\t\t\t\t\t<\/div>\n\t\t\t\t<\/div>\n\t\t\t\t<\/div>","protected":false},"excerpt":{"rendered":"<p>Datum posljednje izmjene: 18.01.2026. Dostavu vr\u0161i BH Po\u0161ta. Rok isporuke: do 7 radnih dana Tro\u0161ak dostave: 8 KM Besplatna dostava: za narud\u017ebe iznad 100 KM Napomena: Rokovi isporuke mogu varirati u periodima praznika, vanrednih okolnosti ili pove\u0107anog obima isporuka.<\/p>","protected":false},"author":1,"featured_media":0,"parent":0,"menu_order":0,"comment_status":"closed","ping_status":"closed","template":"","meta":{"_acf_changed":false,"footnotes":""},"class_list":["post-736","page","type-page","status-publish","hentry"],"acf":[],"_links":{"self":[{"href":"https:\/\/webducan.gemex.ba\/en\/wp-json\/wp\/v2\/pages\/736","targetHints":{"allow":["GET"]}}],"collection":[{"href":"https:\/\/webducan.gemex.ba\/en\/wp-json\/wp\/v2\/pages"}],"about":[{"href":"https:\/\/webducan.gemex.ba\/en\/wp-json\/wp\/v2\/types\/page"}],"author":[{"embeddable":true,"href":"https:\/\/webducan.gemex.ba\/en\/wp-json\/wp\/v2\/users\/1"}],"replies":[{"embeddable":true,"href":"https:\/\/webducan.gemex.ba\/en\/wp-json\/wp\/v2\/comments?post=736"}],"version-history":[{"count":4,"href":"https:\/\/webducan.gemex.ba\/en\/wp-json\/wp\/v2\/pages\/736\/revisions"}],"predecessor-version":[{"id":740,"href":"https:\/\/webducan.gemex.ba\/en\/wp-json\/wp\/v2\/pages\/736\/revisions\/740"}],"wp:attachment":[{"href":"https:\/\/webducan.gemex.ba\/en\/wp-json\/wp\/v2\/media?parent=736"}],"curies":[{"name":"wp","href":"https:\/\/api.w.org\/{rel}","templated":true}]}}