{"id":274,"date":"2025-12-09T23:33:38","date_gmt":"2025-12-09T23:33:38","guid":{"rendered":"https:\/\/webducan.gemex.ba\/moj-racun\/"},"modified":"2026-02-25T12:13:04","modified_gmt":"2026-02-25T12:13:04","slug":"moj-racun","status":"publish","type":"page","link":"https:\/\/webducan.gemex.ba\/en\/moj-racun\/","title":{"rendered":"Moj ra\u010dun"},"content":{"rendered":"<div data-elementor-type=\"wp-page\" data-elementor-id=\"274\" class=\"elementor elementor-274\" data-elementor-post-type=\"page\">\n\t\t\t\t<div class=\"elementor-element elementor-element-6a6f37d e-flex e-con-boxed e-con e-parent\" data-id=\"6a6f37d\" data-element_type=\"container\" data-e-type=\"container\" data-settings=\"{&quot;background_background&quot;:&quot;classic&quot;}\">\n\t\t\t\t\t<div class=\"e-con-inner\">\n\t\t\t\t<div class=\"elementor-element elementor-element-e396426 elementor-widget elementor-widget-spacer\" data-id=\"e396426\" data-element_type=\"widget\" data-e-type=\"widget\" data-widget_type=\"spacer.default\">\n\t\t\t\t\t\t\t<div class=\"elementor-spacer\">\n\t\t\t<div class=\"elementor-spacer-inner\"><\/div>\n\t\t<\/div>\n\t\t\t\t\t\t<\/div>\n\t\t\t\t\t<\/div>\n\t\t\t\t<\/div>\n\t\t<div class=\"elementor-element elementor-element-3c63851b e-flex e-con-boxed e-con e-parent\" data-id=\"3c63851b\" data-element_type=\"container\" data-e-type=\"container\" data-settings=\"{&quot;background_background&quot;:&quot;classic&quot;}\">\n\t\t\t\t\t<div class=\"e-con-inner\">\n\t\t\t\t<div class=\"elementor-element elementor-element-c485019 e-my-account-tabs-vertical elementor-widget elementor-widget-woocommerce-my-account\" data-id=\"c485019\" data-element_type=\"widget\" data-e-type=\"widget\" data-widget_type=\"woocommerce-my-account.default\">\n\t\t\t\t\t<div class=\"e-my-account-tab e-my-account-tab__\">\t\t\t<div class=\"woocommerce\"><\/div>\t\t<\/div>\r\n\t\t\t\t\t\t<\/div>\n\t\t\t\t\t<\/div>\n\t\t\t\t<\/div>\n\t\t<div class=\"elementor-element elementor-element-3689a32 e-flex e-con-boxed e-con e-parent\" data-id=\"3689a32\" data-element_type=\"container\" data-e-type=\"container\" data-settings=\"{&quot;background_background&quot;:&quot;classic&quot;}\">\n\t\t\t\t\t<div class=\"e-con-inner\">\n\t\t\t\t<div class=\"elementor-element elementor-element-2362d81 elementor-widget elementor-widget-spacer\" data-id=\"2362d81\" data-element_type=\"widget\" data-e-type=\"widget\" data-widget_type=\"spacer.default\">\n\t\t\t\t\t\t\t<div class=\"elementor-spacer\">\n\t\t\t<div class=\"elementor-spacer-inner\"><\/div>\n\t\t<\/div>\n\t\t\t\t\t\t<\/div>\n\t\t\t\t\t<\/div>\n\t\t\t\t<\/div>\n\t\t\t\t<\/div>","protected":false},"excerpt":{"rendered":"<p>Kontrolna plo\u010da Narud\u017ebe Skidanja Adrese Detalji ra\u010duna Odjava Pozdrav admin (nisi admin? Odjava) Iz svoje nadzorne plo\u010de mo\u017eete pregledati svoje posljednje narud\u017ebe, urediti svoje adrese za naplatu i dostavu i urediti svoju lozinku i detalje korisni\u010dkog ra\u010duna.<\/p>","protected":false},"author":1,"featured_media":0,"parent":0,"menu_order":0,"comment_status":"closed","ping_status":"closed","template":"","meta":{"_acf_changed":false,"footnotes":""},"class_list":["post-274","page","type-page","status-publish","hentry"],"acf":[],"_links":{"self":[{"href":"https:\/\/webducan.gemex.ba\/en\/wp-json\/wp\/v2\/pages\/274","targetHints":{"allow":["GET"]}}],"collection":[{"href":"https:\/\/webducan.gemex.ba\/en\/wp-json\/wp\/v2\/pages"}],"about":[{"href":"https:\/\/webducan.gemex.ba\/en\/wp-json\/wp\/v2\/types\/page"}],"author":[{"embeddable":true,"href":"https:\/\/webducan.gemex.ba\/en\/wp-json\/wp\/v2\/users\/1"}],"replies":[{"embeddable":true,"href":"https:\/\/webducan.gemex.ba\/en\/wp-json\/wp\/v2\/comments?post=274"}],"version-history":[{"count":12,"href":"https:\/\/webducan.gemex.ba\/en\/wp-json\/wp\/v2\/pages\/274\/revisions"}],"predecessor-version":[{"id":913,"href":"https:\/\/webducan.gemex.ba\/en\/wp-json\/wp\/v2\/pages\/274\/revisions\/913"}],"wp:attachment":[{"href":"https:\/\/webducan.gemex.ba\/en\/wp-json\/wp\/v2\/media?parent=274"}],"curies":[{"name":"wp","href":"https:\/\/api.w.org\/{rel}","templated":true}]}}